{"id":3368,"date":"2021-02-26T11:26:11","date_gmt":"2021-02-26T04:26:11","guid":{"rendered":"https:\/\/leadingdemo.vn\/?page_id=3368"},"modified":"2023-07-20T07:30:44","modified_gmt":"2023-07-20T00:30:44","slug":"reviews","status":"publish","type":"page","link":"https:\/\/leading.vn\/en\/reviews\/","title":{"rendered":"Reviews"},"content":{"rendered":"\t<section class=\"section s-page-banner\" id=\"section_838772701\">\n\t\t<div class=\"bg section-bg fill bg-fill bg-loaded \" >\n\n\t\t\t\n\t\t\t\n\t\t\t\n\n\t\t<\/div>\n\n\t\t\n\n\t\t<div class=\"section-content relative\">\n\t\t\t\n<div class=\"row align-center\"  id=\"row-1596033623\">\n\n\t<div id=\"col-1634871027\" class=\"col medium-10 small-12 large-10\"  >\n\t\t\t\t<div class=\"col-inner text-center\"  >\n\t\t\t\n\t\t\t\n\t<div id=\"text-766309886\" class=\"text hmd-tw hmd-title text-center\">\n\t\t\n<h1>What our clients<br \/>\nsay about us<\/h1>\n\t\t\t<\/div>\n\t\n<a href=\"https:\/\/forms.gle\/hpzXSHB9nmdE3Ds19\" target=\"_self\" class=\"button secondary is-gloss box-shadow-2-hover lowercase\" style=\"border-radius:16px;\" rel=\"nofollow noopener\">\n    <span>Vi\u1ebft \u0111\u00e1nh gi\u00e1 v\u1ec1 ch\u00fang t\u00f4i<\/span>\n  <\/a>\n\n\t\t<\/div>\n\t\t\t\t\t<\/div>\n\n\t\n<\/div>\n<div class=\"row align-center s-page-banner-decor\"  id=\"row-1123109373\">\n\n\t<div id=\"col-1323003566\" class=\"col medium-8 small-12 large-8\"  >\n\t\t\t\t<div class=\"col-inner\"  >\n\t\t\t\n\t\t\t\n\t<div class=\"img has-hover x md-x lg-x y md-y lg-y\" id=\"image_880323668\">\n\t\t\t\t\t\t\t\t<div class=\"img-inner dark\" >\n\t\t\t<img loading=\"lazy\" decoding=\"async\" width=\"1020\" height=\"675\" src=\"https:\/\/leading.vn\/wp-content\/uploads\/2021\/12\/reviews-b-1208x800.png\" class=\"attachment-large size-large\" alt=\"\" srcset=\"https:\/\/leading.vn\/wp-content\/uploads\/2021\/12\/reviews-b-1208x800.png 1208w, https:\/\/leading.vn\/wp-content\/uploads\/2021\/12\/reviews-b-604x400.png 604w, https:\/\/leading.vn\/wp-content\/uploads\/2021\/12\/reviews-b-768x509.png 768w, https:\/\/leading.vn\/wp-content\/uploads\/2021\/12\/reviews-b.png 1510w\" sizes=\"auto, (max-width: 1020px) 100vw, 1020px\" title=\"\">\t\t\t\t\t\t\n\t\t\t\t\t<\/div>\n\t\t\t\t\t\t\t\t\n<style>\n#image_880323668 {\n  width: 100%;\n}\n<\/style>\n\t<\/div>\n\t\n\t\t<\/div>\n\t\t\t\t\t<\/div>\n\n\t\n<\/div>\n<div class=\"row leading-breadcrumb\"  id=\"row-1537033687\">\n\n\t<div id=\"col-1638100225\" class=\"col small-12 large-12\"  >\n\t\t\t\t<div class=\"col-inner text-center\"  >\n\t\t\t\n\t\t\t\n\n<nav aria-label=\"breadcrumbs\" class=\"rank-math-breadcrumb\"><p><span class=\"last\">Digital Marketing<\/span><\/p><\/nav>\n\n\t\t<\/div>\n\t\t\t\t\t<\/div>\n\n\t\n<\/div>\n\t\t<\/div>\n\n\t\t\n<style>\n#section_838772701 {\n  padding-top: 30px;\n  padding-bottom: 30px;\n}\n#section_838772701 .section-bg.bg-loaded {\n  background-image: url(https:\/\/leading.vn\/wp-content\/uploads\/2021\/10\/s-page-banner.svg);\n}\n#section_838772701 .ux-shape-divider--top svg {\n  height: 150px;\n  --divider-top-width: 100%;\n}\n#section_838772701 .ux-shape-divider--bottom svg {\n  height: 150px;\n  --divider-width: 100%;\n}\n<\/style>\n\t<\/section>\n\t\n\t<section class=\"section section-white client-reviews hmd-gradient\" id=\"section_1762746845\">\n\t\t<div class=\"bg section-bg fill bg-fill bg-loaded bg-loaded\" >\n\n\t\t\t\n\t\t\t\n\t\t\t\n\n\t\t<\/div>\n\n\t\t\n\n\t\t<div class=\"section-content relative\">\n\t\t\t\n<div class=\"row\"  id=\"row-1066891038\">\n\n\t<div id=\"col-1837094675\" class=\"col small-12 large-12\"  >\n\t\t\t\t<div class=\"col-inner\"  >\n\t\t\t\n\t\t\t\n\t<div id=\"text-3241348450\" class=\"text hmd-title hmd-tb\">\n\t\t\n<h2>Listen to the thoughts of customers who have accompanied us&#8230;<\/h2>\n\t\t\n<style>\n#text-3241348450 {\n  text-align: center;\n}\n<\/style>\n\t<\/div>\n\t\n\t\t<\/div>\n\t\t\t\t\t<\/div>\n\n\t\n<\/div>\n<div class=\"row\"  id=\"row-1972523964\">\n\n\t<div id=\"col-1285798397\" class=\"col hmd-border-2 medium-6 small-12 large-4\"  >\n\t\t\t\t<div class=\"col-inner text-center\"  >\n\t\t\t\n\t\t\t\n  <div class=\"icon-box testimonial-box icon-box-top hmd-testimonial text-left is-xsmall\">\n                <div class=\"icon-box-text p-last-0\">\n          <div class=\"star-rating\"><span style=\"width:100%\"><strong class=\"rating\"><\/strong><\/span><\/div>  \t\t\t\t<div class=\"testimonial-text line-height-small italic test_text first-reset last-reset is-italic\">\n            \n<p>In general, we\u2019re pleased to work with Leading\u2019s sensitive SEO team. Their enthusiastic support has brought about great differences to our campaign.<\/p>\n          <\/div>\n          <div class=\"testimonial-meta pt-half\">\n             <strong class=\"testimonial-name test_name\">MINH NGUYEN<\/strong>\n                          <span class=\"testimonial-company test_company\"><\/span>\n          <\/div>\n        <\/div>\n  <\/div>\n\n  \n\t\t<\/div>\n\t\t\t\t\n<style>\n#col-1285798397 > .col-inner {\n  padding: 32px 32px 32px 32px;\n}\n<\/style>\n\t<\/div>\n\n\t\n\n\t<div id=\"col-1150207046\" class=\"col hmd-border-2 medium-6 small-12 large-4\"  >\n\t\t\t\t<div class=\"col-inner text-center\"  >\n\t\t\t\n\t\t\t\n  <div class=\"icon-box testimonial-box icon-box-top hmd-testimonial text-left\">\n                <div class=\"icon-box-text p-last-0\">\n          <div class=\"star-rating\"><span style=\"width:100%\"><strong class=\"rating\"><\/strong><\/span><\/div>  \t\t\t\t<div class=\"testimonial-text line-height-small italic test_text first-reset last-reset is-italic\">\n            \n<p><em>Vu is very supportive. He takes a very objective view of each situation before coming back to me with an answer. I do appreciate that.<\/em><\/p>\n          <\/div>\n          <div class=\"testimonial-meta pt-half\">\n             <strong class=\"testimonial-name test_name\">LINH TRAN<\/strong>\n                          <span class=\"testimonial-company test_company\"><\/span>\n          <\/div>\n        <\/div>\n  <\/div>\n\n  \n\t\t<\/div>\n\t\t\t\t\n<style>\n#col-1150207046 > .col-inner {\n  padding: 32px 32px 32px 32px;\n}\n<\/style>\n\t<\/div>\n\n\t\n\n\t<div id=\"col-1098968683\" class=\"col hmd-border-2 medium-6 small-12 large-4\"  >\n\t\t\t\t<div class=\"col-inner text-center\"  >\n\t\t\t\n\t\t\t\n  <div class=\"icon-box testimonial-box icon-box-top hmd-testimonial text-left\">\n                <div class=\"icon-box-text p-last-0\">\n          <div class=\"star-rating\"><span style=\"width:100%\"><strong class=\"rating\"><\/strong><\/span><\/div>  \t\t\t\t<div class=\"testimonial-text line-height-small italic test_text first-reset last-reset is-italic\">\n            \n<p><i>Fantastic customer service. Fast and professional responses throughout the project\u2019s operation time.<\/i><\/p>\n          <\/div>\n          <div class=\"testimonial-meta pt-half\">\n             <strong class=\"testimonial-name test_name\">LE TU<\/strong>\n                          <span class=\"testimonial-company test_company\"><\/span>\n          <\/div>\n        <\/div>\n  <\/div>\n\n  \n\t\t<\/div>\n\t\t\t\t\n<style>\n#col-1098968683 > .col-inner {\n  padding: 32px 32px 32px 32px;\n}\n<\/style>\n\t<\/div>\n\n\t\n\n\t<div id=\"col-717091590\" class=\"col hmd-border-2 medium-6 small-12 large-4\"  >\n\t\t\t\t<div class=\"col-inner text-center\"  >\n\t\t\t\n\t\t\t\n  <div class=\"icon-box testimonial-box icon-box-top hmd-testimonial text-left\">\n                <div class=\"icon-box-img testimonial-image circle\" style=\"width: 20px\">\n                      <\/div>\n                <div class=\"icon-box-text p-last-0\">\n          <div class=\"star-rating\"><span style=\"width:100%\"><strong class=\"rating\"><\/strong><\/span><\/div>  \t\t\t\t<div class=\"testimonial-text line-height-small italic test_text first-reset last-reset is-italic\">\n            \n<p><i>Leading\u2019s SEO Team has supported many of our SEO strategies in the past three months. The results were remarkable! You guys have done a great, handy, but effective job. Excellent working performance!<\/i><\/p>\n          <\/div>\n          <div class=\"testimonial-meta pt-half\">\n             <strong class=\"testimonial-name test_name\">NGUYEN HOANG<\/strong>\n                          <span class=\"testimonial-company test_company\"><\/span>\n          <\/div>\n        <\/div>\n  <\/div>\n\n  \n\t\t<\/div>\n\t\t\t\t\n<style>\n#col-717091590 > .col-inner {\n  padding: 32px 32px 32px 32px;\n}\n<\/style>\n\t<\/div>\n\n\t\n\n\t<div id=\"col-796481147\" class=\"col hmd-border-2 medium-6 small-12 large-4\"  >\n\t\t\t\t<div class=\"col-inner text-center\"  >\n\t\t\t\n\t\t\t\n  <div class=\"icon-box testimonial-box icon-box-top hmd-testimonial text-left\">\n                <div class=\"icon-box-img testimonial-image circle\" style=\"width: 20px\">\n                      <\/div>\n                <div class=\"icon-box-text p-last-0\">\n          <div class=\"star-rating\"><span style=\"width:100%\"><strong class=\"rating\"><\/strong><\/span><\/div>  \t\t\t\t<div class=\"testimonial-text line-height-small italic test_text first-reset last-reset is-italic\">\n            \n<p><i>They did their job accurately logically\u2026 We choose Leading for the truthfulness and knowledge their team offered. Splendiferous!<\/i><\/p>\n          <\/div>\n          <div class=\"testimonial-meta pt-half\">\n             <strong class=\"testimonial-name test_name\">LE NAM<\/strong>\n                          <span class=\"testimonial-company test_company\"><\/span>\n          <\/div>\n        <\/div>\n  <\/div>\n\n  \n\t\t<\/div>\n\t\t\t\t\n<style>\n#col-796481147 > .col-inner {\n  padding: 32px 32px 32px 32px;\n}\n<\/style>\n\t<\/div>\n\n\t\n\n\t<div id=\"col-933479545\" class=\"col hmd-border-2 medium-6 small-12 large-4\"  >\n\t\t\t\t<div class=\"col-inner text-center\"  >\n\t\t\t\n\t\t\t\n  <div class=\"icon-box testimonial-box icon-box-top hmd-testimonial text-left\">\n                <div class=\"icon-box-img testimonial-image circle\" style=\"width: 20px\">\n                      <\/div>\n                <div class=\"icon-box-text p-last-0\">\n          <div class=\"star-rating\"><span style=\"width:100%\"><strong class=\"rating\"><\/strong><\/span><\/div>  \t\t\t\t<div class=\"testimonial-text line-height-small italic test_text first-reset last-reset is-italic\">\n            \n<p><i>Great follow up . Taking responsibility seriously.<\/i><\/p>\n          <\/div>\n          <div class=\"testimonial-meta pt-half\">\n             <strong class=\"testimonial-name test_name\">VIET NGUYEN<\/strong>\n                          <span class=\"testimonial-company test_company\"><\/span>\n          <\/div>\n        <\/div>\n  <\/div>\n\n  \n\t\t<\/div>\n\t\t\t\t\n<style>\n#col-933479545 > .col-inner {\n  padding: 32px 32px 32px 32px;\n}\n<\/style>\n\t<\/div>\n\n\t\n<\/div>\n\t\t<\/div>\n\n\t\t\n<style>\n#section_1762746845 {\n  padding-top: 30px;\n  padding-bottom: 30px;\n}\n#section_1762746845 .ux-shape-divider--top svg {\n  height: 150px;\n  --divider-top-width: 100%;\n}\n#section_1762746845 .ux-shape-divider--bottom svg {\n  height: 150px;\n  --divider-width: 100%;\n}\n<\/style>\n\t<\/section>\n\t\n","protected":false},"excerpt":{"rendered":"","protected":false},"author":1,"featured_media":0,"parent":0,"menu_order":0,"comment_status":"closed","ping_status":"closed","template":"page-transparent-header.php","meta":{"footnotes":""},"class_list":["post-3368","page","type-page","status-publish","hentry"],"acf":[],"_links":{"self":[{"href":"https:\/\/leading.vn\/en\/wp-json\/wp\/v2\/pages\/3368","targetHints":{"allow":["GET"]}}],"collection":[{"href":"https:\/\/leading.vn\/en\/wp-json\/wp\/v2\/pages"}],"about":[{"href":"https:\/\/leading.vn\/en\/wp-json\/wp\/v2\/types\/page"}],"author":[{"embeddable":true,"href":"https:\/\/leading.vn\/en\/wp-json\/wp\/v2\/users\/1"}],"replies":[{"embeddable":true,"href":"https:\/\/leading.vn\/en\/wp-json\/wp\/v2\/comments?post=3368"}],"version-history":[{"count":11,"href":"https:\/\/leading.vn\/en\/wp-json\/wp\/v2\/pages\/3368\/revisions"}],"predecessor-version":[{"id":7766,"href":"https:\/\/leading.vn\/en\/wp-json\/wp\/v2\/pages\/3368\/revisions\/7766"}],"wp:attachment":[{"href":"https:\/\/leading.vn\/en\/wp-json\/wp\/v2\/media?parent=3368"}],"curies":[{"name":"wp","href":"https:\/\/api.w.org\/{rel}","templated":true}]}}